{"id":14839,"date":"2017-06-16T10:23:34","date_gmt":"2017-06-16T10:23:34","guid":{"rendered":"http:\/\/audrey.elated-themes.com\/?post_type=product&#038;p=14839"},"modified":"2026-01-26T19:22:10","modified_gmt":"2026-01-26T18:22:10","slug":"zagg","status":"publish","type":"product","link":"https:\/\/justynakosciolek.com\/?product=zagg","title":{"rendered":"Sukienka z naci\u0119ciami"},"content":{"rendered":"<p>Sukienka posiada naci\u0119cia fantastycznie prezentuj\u0105ce si\u0119 na sylwetce podczas ruchu. Dost\u0119pna w kolorze brudnego r\u00f3\u017cu i czarnym.<\/p>\n","protected":false},"excerpt":{"rendered":"<div class=\"woocommerce-product-details__short-description\">\n<p>Asymetryczna sukienka na jedno rami\u0119 wykonana z ekosk\u00f3ry.<\/p>\n<\/div>\n","protected":false},"featured_media":18100,"comment_status":"closed","ping_status":"closed","template":"","meta":[],"product_brand":[],"product_cat":[156],"product_tag":[104],"class_list":{"0":"post-14839","1":"product","2":"type-product","3":"status-publish","4":"has-post-thumbnail","6":"product_cat-ubrania","7":"product_tag-model","9":"first","10":"onbackorder","11":"shipping-taxable","12":"purchasable","13":"product-type-simple"},"_links":{"self":[{"href":"https:\/\/justynakosciolek.com\/index.php?rest_route=\/wp\/v2\/product\/14839","targetHints":{"allow":["GET"]}}],"collection":[{"href":"https:\/\/justynakosciolek.com\/index.php?rest_route=\/wp\/v2\/product"}],"about":[{"href":"https:\/\/justynakosciolek.com\/index.php?rest_route=\/wp\/v2\/types\/product"}],"replies":[{"embeddable":true,"href":"https:\/\/justynakosciolek.com\/index.php?rest_route=%2Fwp%2Fv2%2Fcomments&post=14839"}],"wp:featuredmedia":[{"embeddable":true,"href":"https:\/\/justynakosciolek.com\/index.php?rest_route=\/wp\/v2\/media\/18100"}],"wp:attachment":[{"href":"https:\/\/justynakosciolek.com\/index.php?rest_route=%2Fwp%2Fv2%2Fmedia&parent=14839"}],"wp:term":[{"taxonomy":"product_brand","embeddable":true,"href":"https:\/\/justynakosciolek.com\/index.php?rest_route=%2Fwp%2Fv2%2Fproduct_brand&post=14839"},{"taxonomy":"product_cat","embeddable":true,"href":"https:\/\/justynakosciolek.com\/index.php?rest_route=%2Fwp%2Fv2%2Fproduct_cat&post=14839"},{"taxonomy":"product_tag","embeddable":true,"href":"https:\/\/justynakosciolek.com\/index.php?rest_route=%2Fwp%2Fv2%2Fproduct_tag&post=14839"}],"curies":[{"name":"wp","href":"https:\/\/api.w.org\/{rel}","templated":true}]}}