{"id":14836,"date":"2017-06-16T10:21:56","date_gmt":"2017-06-16T10:21:56","guid":{"rendered":"http:\/\/audrey.elated-themes.com\/?post_type=product&#038;p=14836"},"modified":"2026-01-16T21:29:33","modified_gmt":"2026-01-16T20:29:33","slug":"wenzel","status":"publish","type":"product","link":"https:\/\/justynakosciolek.com\/?product=wenzel","title":{"rendered":"Bolerko"},"content":{"rendered":"<p>Kr\u00f3tkie bolerko z mi\u0119kkiej tkaniny z asymetrycznym zapi\u0119ciem.<\/p>\n","protected":false},"excerpt":{"rendered":"<div class=\"woocommerce-product-details__short-description\">\n<p>Kr\u00f3tkie bolerko z mi\u0119kkiej tkaniny zapinane z przodu na zatrzaski.<\/p>\n<\/div>\n","protected":false},"featured_media":18159,"comment_status":"open","ping_status":"closed","template":"","meta":[],"product_brand":[],"product_cat":[156],"product_tag":[104],"class_list":{"0":"post-14836","1":"product","2":"type-product","3":"status-publish","4":"has-post-thumbnail","6":"product_cat-ubrania","7":"product_tag-model","9":"first","10":"instock","11":"shipping-taxable","12":"purchasable","13":"product-type-simple"},"_links":{"self":[{"href":"https:\/\/justynakosciolek.com\/index.php?rest_route=\/wp\/v2\/product\/14836","targetHints":{"allow":["GET"]}}],"collection":[{"href":"https:\/\/justynakosciolek.com\/index.php?rest_route=\/wp\/v2\/product"}],"about":[{"href":"https:\/\/justynakosciolek.com\/index.php?rest_route=\/wp\/v2\/types\/product"}],"replies":[{"embeddable":true,"href":"https:\/\/justynakosciolek.com\/index.php?rest_route=%2Fwp%2Fv2%2Fcomments&post=14836"}],"wp:featuredmedia":[{"embeddable":true,"href":"https:\/\/justynakosciolek.com\/index.php?rest_route=\/wp\/v2\/media\/18159"}],"wp:attachment":[{"href":"https:\/\/justynakosciolek.com\/index.php?rest_route=%2Fwp%2Fv2%2Fmedia&parent=14836"}],"wp:term":[{"taxonomy":"product_brand","embeddable":true,"href":"https:\/\/justynakosciolek.com\/index.php?rest_route=%2Fwp%2Fv2%2Fproduct_brand&post=14836"},{"taxonomy":"product_cat","embeddable":true,"href":"https:\/\/justynakosciolek.com\/index.php?rest_route=%2Fwp%2Fv2%2Fproduct_cat&post=14836"},{"taxonomy":"product_tag","embeddable":true,"href":"https:\/\/justynakosciolek.com\/index.php?rest_route=%2Fwp%2Fv2%2Fproduct_tag&post=14836"}],"curies":[{"name":"wp","href":"https:\/\/api.w.org\/{rel}","templated":true}]}}